{"id":705,"date":"2020-11-04T16:46:16","date_gmt":"2020-11-04T14:46:16","guid":{"rendered":"https:\/\/prostornina.com\/?page_id=705"},"modified":"2021-10-12T11:34:49","modified_gmt":"2021-10-12T09:34:49","slug":"privacy-policy","status":"publish","type":"page","link":"https:\/\/www.prostornina.com\/sl\/privacy-policy\/","title":{"rendered":"Politika zasebnosti"},"content":{"rendered":"<div data-elementor-type=\"wp-page\" data-elementor-id=\"705\" class=\"elementor elementor-705\" data-elementor-post-type=\"page\">\n\t\t\t\t\t\t<section class=\"elementor-section elementor-top-section elementor-element elementor-element-a92a57d elementor-section-boxed elementor-section-height-default elementor-section-height-default\" data-id=\"a92a57d\" data-element_type=\"section\">\n\t\t\t\t\t\t<div class=\"elementor-container elementor-column-gap-default\">\n\t\t\t\t\t<div class=\"elementor-column elementor-col-100 elementor-top-column elementor-element elementor-element-3fa8c98\" data-id=\"3fa8c98\" data-element_type=\"column\">\n\t\t\t<div class=\"elementor-widget-wrap elementor-element-populated\">\n\t\t\t\t\t\t<div class=\"elementor-element elementor-element-33002b2 elementor-widget elementor-widget-heading\" data-id=\"33002b2\" data-element_type=\"widget\" data-widget_type=\"heading.default\">\n\t\t\t\t<div class=\"elementor-widget-container\">\n\t\t\t<h1 class=\"elementor-heading-title elementor-size-default\">Politika zasebnosti<\/h1>\t\t<\/div>\n\t\t\t\t<\/div>\n\t\t\t\t\t<\/div>\n\t\t<\/div>\n\t\t\t\t\t<\/div>\n\t\t<\/section>\n\t\t\t\t<section class=\"elementor-section elementor-top-section elementor-element elementor-element-fc6f9e8 elementor-section-boxed elementor-section-height-default elementor-section-height-default\" data-id=\"fc6f9e8\" data-element_type=\"section\">\n\t\t\t\t\t\t<div class=\"elementor-container elementor-column-gap-default\">\n\t\t\t\t\t<div class=\"elementor-column elementor-col-100 elementor-top-column elementor-element elementor-element-dfd40ec\" data-id=\"dfd40ec\" data-element_type=\"column\">\n\t\t\t<div class=\"elementor-widget-wrap elementor-element-populated\">\n\t\t\t\t\t\t<div class=\"elementor-element elementor-element-6a65ea9 elementor-widget elementor-widget-text-editor\" data-id=\"6a65ea9\" data-element_type=\"widget\" data-widget_type=\"text-editor.default\">\n\t\t\t\t<div class=\"elementor-widget-container\">\n\t\t\t\t\t\t\t<h2><strong>SOGLASJE O VAROVANJU IN OBDELAVI OSEBNIH PODATKOV<\/strong><\/h2>\nProstornina d.o.o. bo z va\u0161imi osebnimi podatki ravnal s skrbnostjo in v skladu s splo\u0161no uredbo EU o varstvu osebnih podatkov \u2013 GDPR. O obiskovalcih spletne strani ne zbiramo in hranimo osebnih podatkov brez privolitve. Aktivnosti uporabnikov na\u0161ega spletnega mesta spremljamo z uporabo pi\u0161kotkov.\n<h2><strong>Osebni podatki in namen obdelave<\/strong><\/h2>\nProstornina d.o.o. za prijavo uporablja sistem predhodne odobritve uporabe e-naslova, kar pomeni, da vam po\u0161ilja elektronsko po\u0161to zgolj, \u010de se izrecno strinjate, da \u017eelite prejemati elektronska obvestila.\n<h2><strong>E-novice<\/strong><\/h2>\nV primeru, da \u017eelite prejemati elektronska obvestila (e-novice, posebne ponudbe, nasveti, obve\u0161\u010danje o dogodkih ipd.) od vas potrebujemo izrecno privolitev preden izberete potrditveno polje na spletnem obrazcu.\n\nZ izpolnitvijo in potrditvijo spletnega obrazca posredujete upravljavcu naslednje kontaktne podatke:\n&#8211; E-po\u0161tni naslov\n\nKontaktne podatke, ki nam jih posredujete ob oddaji spletnega obrazca, potrebujemo izklju\u010dno za namene obve\u0161\u010danja o novostih ter za namene personaliziranja obvestil (povezovanje z dru\u017ebenimi platformami Facebook, AdWords\u2026), v kolikor ste podali tak\u0161no soglasje. Va\u0161 elektronski naslov hranimo v storitvi za po\u0161iljanje e-po\u0161te MailChimp, podjetja The Rocket Science Group LLC. Podjetje The Rocket Science Group LLC s storitvijo Mailchimp spremlja uspe\u0161nost dostave poslanih e-sporo\u010dil z zbiranjem podatkov o odprtih sporo\u010dilih, klikih na povezave, e-po\u0161tnih odjemalcih in brskalnikih, pribli\u017eni lokaciji, IP-naslovu, prijavah in odjavah ter neuspe\u0161ni dostavi e-sporo\u010dila. Ti podatki se hranijo najve\u010d 6 mesecev od odjave od prejemanja e-sporo\u010dil. Za ve\u010d informacij o varovanju osebnih podatkov in pogojih uporabe podjetja The Rocket Science Group LLC kliknite tukaj in tukaj.\n\nSoglasje za obdelavo osebnih podatkov podate s tem, ko na spletni strani na spletnem obrazcu kliknete potrditveno polje. Va\u0161 e-naslov bomo uporabljali za po\u0161iljanje e-novic do prejetja odjave od prejemanja. Va\u0161ega e-naslova ne bomo posredovali tretjim osebam, razen pogodbenim partnerjem, \u010de je to potrebno za izvedbo distribucije e-novic.\n\n<h2><strong>Vpogled v podatke, umik soglasja in izbris osebnih podatkov<\/strong><\/h2>\nKadarkoli lahko zahtevate odjavo od prejemanja e-novic s klikom na povezavo v prejetem e-sporo\u010dilu. Ob odjavi bomo va\u0161 e-naslov za\u010dasno premaknili v evidenco odjavljenih uporabnikov, kjer ga bomo zaradi prepre\u010devanja napak in nenamernih prijav hranili \u0161e do najve\u010d 6 mesecev, nato pa ga trajno izbrisali. Popravek svojih osebnih podatkov, trajen izbris osebnih podatkov ter izvoz in vpogled do osebnih podatkov, ki jih hranimo o vas, lahko kadarkoli zahtevate s posredovanjem pisne zahteve na naslov nina@prostornina.com ali na Lesko\u0161kova cesta 2, 1000 Ljubljana. Va\u0161o zahtevo bomo izpolnili v najkraj\u0161em mo\u017enem \u010dasu, najkasneje pa v roku enega meseca. V primeru umika soglasja ne bomo ve\u010d uporabljali va\u0161ih osebnih podatkov za obve\u0161\u010danje o vsebinah. Morebiten umik soglasja ne vpliva na zakonitost obdelave va\u0161ih osebnih podatkov v \u010dasu, preden je bil umik podan.\n\n<h2><strong>\u010cas hrambe osebnih podatkov<\/strong><\/h2>\nOsebni podatki se hranijo toliko \u010dasa, kolikor je potrebno za dosego namena (po\u0161iljanje vsebin za namene obve\u0161\u010danja). Podatke, ki so pridobljeni na podlagi privolitve, hranimo do preklica. V primeru, ko veljavna zakonodaja dolo\u010da obvezne roke za hrambo osebnih podatkov, upravljavec izbri\u0161e osebne podatke po poteku z zakonom predpisanega obveznega roka.\n\n<h2><strong>POMO\u010c UPORABNIKOM IN VPRA\u0160ANJA<\/strong><\/h2>\n\n\u010ce imate kakr\u0161nokoli vpra\u0161anje, komentarje ali zahteve glede varstva osebnih podatkov ali druga vpra\u0161anja, se obrnite na na\u0161 elektronski naslov <a href=\"mailto:nina@prostornina.com\">nina@prostornina.com<\/a> ali telefonsko \u0161tevilko <a href=\"tel: 386 40 322 932\">+386 40 322 932<\/a>.\n\nVse pravice pridr\u017eane, Prostornina d.o.o.\t\t\t\t\t\t<\/div>\n\t\t\t\t<\/div>\n\t\t\t\t\t<\/div>\n\t\t<\/div>\n\t\t\t\t\t<\/div>\n\t\t<\/section>\n\t\t\t\t<\/div>","protected":false},"excerpt":{"rendered":"<p>Privacy Policy SOGLASJE O VAROVANJU IN OBDELAVI OSEBNIH PODATKOV Prostornina d.o.o. bo z va\u0161imi osebnimi podatki ravnal s skrbnostjo in v skladu s splo\u0161no uredbo EU o varstvu osebnih podatkov \u2013 GDPR. O obiskovalcih spletne strani ne zbiramo in hranimo osebnih podatkov brez privolitve. Aktivnosti uporabnikov na\u0161ega spletnega mesta spremljamo z uporabo pi\u0161kotkov. Osebni podatki [&hellip;]<\/p>","protected":false},"author":1,"featured_media":0,"parent":0,"menu_order":0,"comment_status":"closed","ping_status":"closed","template":"","meta":{"_acf_changed":false,"inline_featured_image":false,"footnotes":""},"class_list":["post-705","page","type-page","status-publish","hentry"],"acf":[],"yoast_head":"<!-- This site is optimized with the Yoast SEO plugin v24.0 - https:\/\/yoast.com\/wordpress\/plugins\/seo\/ -->\n<title>Privacy Policy | Prostornina | Notranje oblikovanje<\/title>\n<meta name=\"robots\" content=\"index, follow, max-snippet:-1, max-image-preview:large, max-video-preview:-1\" \/>\n<link rel=\"canonical\" href=\"https:\/\/www.prostornina.com\/sl\/privacy-policy\/\" \/>\n<meta property=\"og:locale\" content=\"sl_SI\" \/>\n<meta property=\"og:type\" content=\"article\" \/>\n<meta property=\"og:title\" content=\"Privacy Policy | Prostornina | Notranje oblikovanje\" \/>\n<meta property=\"og:description\" content=\"Privacy Policy SOGLASJE O VAROVANJU IN OBDELAVI OSEBNIH PODATKOV Prostornina d.o.o. bo z va\u0161imi osebnimi podatki ravnal s skrbnostjo in v skladu s splo\u0161no uredbo EU o varstvu osebnih podatkov \u2013 GDPR. O obiskovalcih spletne strani ne zbiramo in hranimo osebnih podatkov brez privolitve. Aktivnosti uporabnikov na\u0161ega spletnega mesta spremljamo z uporabo pi\u0161kotkov. Osebni podatki [&hellip;]\" \/>\n<meta property=\"og:url\" content=\"https:\/\/www.prostornina.com\/sl\/privacy-policy\/\" \/>\n<meta property=\"og:site_name\" content=\"Prostornina | Notranje oblikovanje\" \/>\n<meta property=\"article:publisher\" content=\"https:\/\/www.facebook.com\/prostornina\" \/>\n<meta property=\"article:modified_time\" content=\"2021-10-12T09:34:49+00:00\" \/>\n<meta property=\"og:image\" content=\"https:\/\/www.prostornina.com\/wp-content\/uploads\/2020\/11\/POGLED_01_JEDILNICA-1-e1605862449479.jpg\" \/>\n\t<meta property=\"og:image:width\" content=\"1500\" \/>\n\t<meta property=\"og:image:height\" content=\"1001\" \/>\n\t<meta property=\"og:image:type\" content=\"image\/jpeg\" \/>\n<meta name=\"twitter:card\" content=\"summary_large_image\" \/>\n<meta name=\"twitter:label1\" content=\"Est. reading time\" \/>\n\t<meta name=\"twitter:data1\" content=\"3 minute\" \/>\n<script type=\"application\/ld+json\" class=\"yoast-schema-graph\">{\"@context\":\"https:\/\/schema.org\",\"@graph\":[{\"@type\":\"WebPage\",\"@id\":\"https:\/\/www.prostornina.com\/privacy-policy\/\",\"url\":\"https:\/\/www.prostornina.com\/privacy-policy\/\",\"name\":\"Privacy Policy | Prostornina | Notranje oblikovanje\",\"isPartOf\":{\"@id\":\"https:\/\/www.prostornina.com\/sl\/#website\"},\"datePublished\":\"2020-11-04T14:46:16+00:00\",\"dateModified\":\"2021-10-12T09:34:49+00:00\",\"breadcrumb\":{\"@id\":\"https:\/\/www.prostornina.com\/privacy-policy\/#breadcrumb\"},\"inLanguage\":\"sl-SI\",\"potentialAction\":[{\"@type\":\"ReadAction\",\"target\":[\"https:\/\/www.prostornina.com\/privacy-policy\/\"]}]},{\"@type\":\"BreadcrumbList\",\"@id\":\"https:\/\/www.prostornina.com\/privacy-policy\/#breadcrumb\",\"itemListElement\":[{\"@type\":\"ListItem\",\"position\":1,\"name\":\"Home\",\"item\":\"https:\/\/www.prostornina.com\/\"},{\"@type\":\"ListItem\",\"position\":2,\"name\":\"Privacy Policy\"}]},{\"@type\":\"WebSite\",\"@id\":\"https:\/\/www.prostornina.com\/sl\/#website\",\"url\":\"https:\/\/www.prostornina.com\/sl\/\",\"name\":\"Prostornina | Notranje oblikovanje\",\"description\":\"Va\u0161im zgodbam dajemo obliko. Ustvarjamo z ob\u010dutkom oblikovane prostore, ki so funkcionalni in nosijo edinstvene zgodbe po meri naro\u010dnika.\",\"publisher\":{\"@id\":\"https:\/\/www.prostornina.com\/sl\/#organization\"},\"potentialAction\":[{\"@type\":\"SearchAction\",\"target\":{\"@type\":\"EntryPoint\",\"urlTemplate\":\"https:\/\/www.prostornina.com\/sl\/?s={search_term_string}\"},\"query-input\":{\"@type\":\"PropertyValueSpecification\",\"valueRequired\":true,\"valueName\":\"search_term_string\"}}],\"inLanguage\":\"sl-SI\"},{\"@type\":\"Organization\",\"@id\":\"https:\/\/www.prostornina.com\/sl\/#organization\",\"name\":\"Prostornina\",\"url\":\"https:\/\/www.prostornina.com\/sl\/\",\"logo\":{\"@type\":\"ImageObject\",\"inLanguage\":\"sl-SI\",\"@id\":\"https:\/\/www.prostornina.com\/sl\/#\/schema\/logo\/image\/\",\"url\":\"https:\/\/www.prostornina.com\/wp-content\/uploads\/2020\/09\/logo.svg\",\"contentUrl\":\"https:\/\/www.prostornina.com\/wp-content\/uploads\/2020\/09\/logo.svg\",\"width\":184,\"height\":80,\"caption\":\"Prostornina\"},\"image\":{\"@id\":\"https:\/\/www.prostornina.com\/sl\/#\/schema\/logo\/image\/\"},\"sameAs\":[\"https:\/\/www.facebook.com\/prostornina\",\"https:\/\/www.instagram.com\/prostor_nina\/\",\"https:\/\/www.linkedin.com\/company\/prostornina\/\"]}]}<\/script>\n<!-- \/ Yoast SEO plugin. -->","yoast_head_json":{"title":"Privacy Policy | Prostornina | Notranje oblikovanje","robots":{"index":"index","follow":"follow","max-snippet":"max-snippet:-1","max-image-preview":"max-image-preview:large","max-video-preview":"max-video-preview:-1"},"canonical":"https:\/\/www.prostornina.com\/sl\/privacy-policy\/","og_locale":"sl_SI","og_type":"article","og_title":"Privacy Policy | Prostornina | Notranje oblikovanje","og_description":"Privacy Policy SOGLASJE O VAROVANJU IN OBDELAVI OSEBNIH PODATKOV Prostornina d.o.o. bo z va\u0161imi osebnimi podatki ravnal s skrbnostjo in v skladu s splo\u0161no uredbo EU o varstvu osebnih podatkov \u2013 GDPR. O obiskovalcih spletne strani ne zbiramo in hranimo osebnih podatkov brez privolitve. Aktivnosti uporabnikov na\u0161ega spletnega mesta spremljamo z uporabo pi\u0161kotkov. Osebni podatki [&hellip;]","og_url":"https:\/\/www.prostornina.com\/sl\/privacy-policy\/","og_site_name":"Prostornina | Notranje oblikovanje","article_publisher":"https:\/\/www.facebook.com\/prostornina","article_modified_time":"2021-10-12T09:34:49+00:00","og_image":[{"width":1500,"height":1001,"url":"https:\/\/www.prostornina.com\/wp-content\/uploads\/2020\/11\/POGLED_01_JEDILNICA-1-e1605862449479.jpg","type":"image\/jpeg"}],"twitter_card":"summary_large_image","twitter_misc":{"Est. reading time":"3 minute"},"schema":{"@context":"https:\/\/schema.org","@graph":[{"@type":"WebPage","@id":"https:\/\/www.prostornina.com\/privacy-policy\/","url":"https:\/\/www.prostornina.com\/privacy-policy\/","name":"Privacy Policy | Prostornina | Notranje oblikovanje","isPartOf":{"@id":"https:\/\/www.prostornina.com\/sl\/#website"},"datePublished":"2020-11-04T14:46:16+00:00","dateModified":"2021-10-12T09:34:49+00:00","breadcrumb":{"@id":"https:\/\/www.prostornina.com\/privacy-policy\/#breadcrumb"},"inLanguage":"sl-SI","potentialAction":[{"@type":"ReadAction","target":["https:\/\/www.prostornina.com\/privacy-policy\/"]}]},{"@type":"BreadcrumbList","@id":"https:\/\/www.prostornina.com\/privacy-policy\/#breadcrumb","itemListElement":[{"@type":"ListItem","position":1,"name":"Home","item":"https:\/\/www.prostornina.com\/"},{"@type":"ListItem","position":2,"name":"Privacy Policy"}]},{"@type":"WebSite","@id":"https:\/\/www.prostornina.com\/sl\/#website","url":"https:\/\/www.prostornina.com\/sl\/","name":"Prostornina | Notranje oblikovanje","description":"Va\u0161im zgodbam dajemo obliko. Ustvarjamo z ob\u010dutkom oblikovane prostore, ki so funkcionalni in nosijo edinstvene zgodbe po meri naro\u010dnika.","publisher":{"@id":"https:\/\/www.prostornina.com\/sl\/#organization"},"potentialAction":[{"@type":"SearchAction","target":{"@type":"EntryPoint","urlTemplate":"https:\/\/www.prostornina.com\/sl\/?s={search_term_string}"},"query-input":{"@type":"PropertyValueSpecification","valueRequired":true,"valueName":"search_term_string"}}],"inLanguage":"sl-SI"},{"@type":"Organization","@id":"https:\/\/www.prostornina.com\/sl\/#organization","name":"Prostornina","url":"https:\/\/www.prostornina.com\/sl\/","logo":{"@type":"ImageObject","inLanguage":"sl-SI","@id":"https:\/\/www.prostornina.com\/sl\/#\/schema\/logo\/image\/","url":"https:\/\/www.prostornina.com\/wp-content\/uploads\/2020\/09\/logo.svg","contentUrl":"https:\/\/www.prostornina.com\/wp-content\/uploads\/2020\/09\/logo.svg","width":184,"height":80,"caption":"Prostornina"},"image":{"@id":"https:\/\/www.prostornina.com\/sl\/#\/schema\/logo\/image\/"},"sameAs":["https:\/\/www.facebook.com\/prostornina","https:\/\/www.instagram.com\/prostor_nina\/","https:\/\/www.linkedin.com\/company\/prostornina\/"]}]}},"_links":{"self":[{"href":"https:\/\/www.prostornina.com\/sl\/wp-json\/wp\/v2\/pages\/705","targetHints":{"allow":["GET"]}}],"collection":[{"href":"https:\/\/www.prostornina.com\/sl\/wp-json\/wp\/v2\/pages"}],"about":[{"href":"https:\/\/www.prostornina.com\/sl\/wp-json\/wp\/v2\/types\/page"}],"author":[{"embeddable":true,"href":"https:\/\/www.prostornina.com\/sl\/wp-json\/wp\/v2\/users\/1"}],"replies":[{"embeddable":true,"href":"https:\/\/www.prostornina.com\/sl\/wp-json\/wp\/v2\/comments?post=705"}],"version-history":[{"count":21,"href":"https:\/\/www.prostornina.com\/sl\/wp-json\/wp\/v2\/pages\/705\/revisions"}],"predecessor-version":[{"id":3048,"href":"https:\/\/www.prostornina.com\/sl\/wp-json\/wp\/v2\/pages\/705\/revisions\/3048"}],"wp:attachment":[{"href":"https:\/\/www.prostornina.com\/sl\/wp-json\/wp\/v2\/media?parent=705"}],"curies":[{"name":"wp","href":"https:\/\/api.w.org\/{rel}","templated":true}]}}