{"id":49,"date":"2020-09-26T07:55:30","date_gmt":"2020-09-26T05:55:30","guid":{"rendered":"http:\/\/localhost:10003\/?page_id=49"},"modified":"2021-10-12T11:32:52","modified_gmt":"2021-10-12T09:32:52","slug":"cookies-policy","status":"publish","type":"page","link":"https:\/\/www.prostornina.com\/sl\/cookies-policy\/","title":{"rendered":"Politika pi\u0161kotkov"},"content":{"rendered":"<div data-elementor-type=\"wp-page\" data-elementor-id=\"49\" class=\"elementor elementor-49\" data-elementor-post-type=\"page\">\n\t\t\t\t\t\t<section class=\"elementor-section elementor-top-section elementor-element elementor-element-4d3b064 elementor-section-boxed elementor-section-height-default elementor-section-height-default\" data-id=\"4d3b064\" data-element_type=\"section\">\n\t\t\t\t\t\t<div class=\"elementor-container elementor-column-gap-default\">\n\t\t\t\t\t<div class=\"elementor-column elementor-col-100 elementor-top-column elementor-element elementor-element-d70d1ba\" data-id=\"d70d1ba\" data-element_type=\"column\">\n\t\t\t<div class=\"elementor-widget-wrap elementor-element-populated\">\n\t\t\t\t\t\t<div class=\"elementor-element elementor-element-96ed3e1 elementor-widget elementor-widget-heading\" data-id=\"96ed3e1\" data-element_type=\"widget\" data-widget_type=\"heading.default\">\n\t\t\t\t<div class=\"elementor-widget-container\">\n\t\t\t<h1 class=\"elementor-heading-title elementor-size-default\">Politika pi\u0161kotkov<\/h1>\t\t<\/div>\n\t\t\t\t<\/div>\n\t\t\t\t\t<\/div>\n\t\t<\/div>\n\t\t\t\t\t<\/div>\n\t\t<\/section>\n\t\t\t\t<section class=\"elementor-section elementor-top-section elementor-element elementor-element-604ef09 elementor-section-boxed elementor-section-height-default elementor-section-height-default\" data-id=\"604ef09\" data-element_type=\"section\">\n\t\t\t\t\t\t<div class=\"elementor-container elementor-column-gap-default\">\n\t\t\t\t\t<div class=\"elementor-column elementor-col-100 elementor-top-column elementor-element elementor-element-3f9ed12\" data-id=\"3f9ed12\" data-element_type=\"column\">\n\t\t\t<div class=\"elementor-widget-wrap elementor-element-populated\">\n\t\t\t\t\t\t<div class=\"elementor-element elementor-element-f2fd915 elementor-widget elementor-widget-text-editor\" data-id=\"f2fd915\" data-element_type=\"widget\" data-widget_type=\"text-editor.default\">\n\t\t\t\t<div class=\"elementor-widget-container\">\n\t\t\t\t\t\t\tNa\u0161e spletno mesto uporablja pi\u0161kotke, ki obiskovalcu ali uporabniku omogo\u010dajo prikaz in uporabo na\u0161ih spletnih strani, prilagojeno njegovim \u017eeljam. Pi\u0161kotek je majhna besedilna datoteka, ki jo spletni stre\u017enik shrani na disku va\u0161ega ra\u010dunalnika. Glavni namen pi\u0161kotka je, da v ra\u010dunalnik shrani va\u0161e nastavitve in druge neosebne podatke, tako da vam jih ob naslednjem obisku na\u0161ih spletnih strani ni potrebno ve\u010d vna\u0161ati. Uporaba pi\u0161kotov je ustaljen postopek na ve\u010dini spletnih mest. Standardne nastavitve brskalnika omogo\u010dajo uporabo pi\u0161kotov. V kolikor se z njihovo uporabo ne strinjate, lahko spremenite nastavitve brskalnika tako, da bo sprejemanje pi\u0161kotov onemogo\u010deno, vendar to lahko omeji zmo\u017enost va\u0161e komunikacije z na\u0161im spletnim mestom. Tudi \u010de pi\u0161kotke sprejmete, jih lahko pozneje \u0161e vedno izbri\u0161ete z orodji va\u0161ega brskalnika. Pi\u0161kotke uporabljamo z namenom bolj\u0161e izku\u0161nje posameznega obiskovalca ali uporabnika.\n\nNa\u0161e spletno mesto zbira tudi podatke o va\u0161i uporabi na\u0161ega spletnega mesta in spletnih storitev. Z\u2009na\u0161im orodjem za analizo spletnega mesta (Google Analytics) lahko na primer iz va\u0161ega brskalnika pridobimo informacije o tem s katerega spletnega mesta ste pri\u0161li, s katerim iskalnikom in klju\u010dnimi besedami ste nas poiskali, katere strani ste si ogledali na na\u0161em spletnem mestu ter katere dodatke in kak\u0161no \u0161irino in vi\u0161ino uporablja va\u0161 brskalnik. Poleg tega zbiramo obi\u010dajne informacije, ki jih brskalnik po\u0161lje vsakemu obiskanemu spletnemu mestu, na primer naslov IP, vrsto in jezik brskalnika, \u010das dostopa in naslove spletnih mest. Vsi ti podatki se zbirajo izklju\u010dno za potrebe vodenja statistike obiskanosti na\u0161ega spletnega mesta z orodjem Google Analytics.\n\n<h2><b>Prednosti pi\u0161kotkov<\/b><\/h2>\nOb uporabi iste naprave in brskalnika so pi\u0161koti nadvse uporabni, saj si lahko na primer zapomnijo va\u0161e nastavitve, pomagajo nam spremljati, kako uporabljate na\u0161e strani in naredijo prikazano vsebino bolj ustrezno va\u0161im interesom in potrebam. Nobeni pi\u0161kotki, ki jih uporabljamo na svojih spletnih mestih, ne zbirajo podatkov, s katerimi bi vas bilo mogo\u010de osebno prepoznati.\n\n\u010ce \u017eelite spremeniti na\u010din uporabe pi\u0161kotkov v brskalniku, vklju\u010dno z blokiranjem ali izbrisom, lahko to storite z ustrezno spremembo nastavitev brskalnika. Postopek za upravljanje in brisanje pi\u0161kotkov se razlikuje glede na brskalnik, ki ga uporabljate. \u010ce \u017eelite izvedeti, kako to storite z dolo\u010denim brskalnikom, lahko uporabite funkcijo pomo\u010di v brskalniku ali pa obi\u0161\u010dete <a href=\"http:\/\/www.aboutcookies.org\">http:\/\/www.aboutcookies.org<\/a>, ki korak za korakom pojasni, kako upravljati ali izbrisati pi\u0161kotke v ve\u010dini brskalnikov.\t\t\t\t\t\t<\/div>\n\t\t\t\t<\/div>\n\t\t\t\t\t<\/div>\n\t\t<\/div>\n\t\t\t\t\t<\/div>\n\t\t<\/section>\n\t\t\t\t<\/div>","protected":false},"excerpt":{"rendered":"<p>Cookies Policy Na\u0161e spletno mesto uporablja pi\u0161kotke, ki obiskovalcu ali uporabniku omogo\u010dajo prikaz in uporabo na\u0161ih spletnih strani, prilagojeno njegovim \u017eeljam. Pi\u0161kotek je majhna besedilna datoteka, ki jo spletni stre\u017enik shrani na disku va\u0161ega ra\u010dunalnika. Glavni namen pi\u0161kotka je, da v ra\u010dunalnik shrani va\u0161e nastavitve in druge neosebne podatke, tako da vam jih ob naslednjem [&hellip;]<\/p>","protected":false},"author":1,"featured_media":0,"parent":0,"menu_order":0,"comment_status":"closed","ping_status":"closed","template":"","meta":{"_acf_changed":false,"inline_featured_image":false,"footnotes":""},"class_list":["post-49","page","type-page","status-publish","hentry"],"acf":[],"yoast_head":"<!-- This site is optimized with the Yoast SEO plugin v24.0 - https:\/\/yoast.com\/wordpress\/plugins\/seo\/ -->\n<title>Cookies Policy | Prostornina | Notranje oblikovanje<\/title>\n<meta name=\"robots\" content=\"index, follow, max-snippet:-1, max-image-preview:large, max-video-preview:-1\" \/>\n<link rel=\"canonical\" href=\"https:\/\/www.prostornina.com\/sl\/piskotki\/\" \/>\n<meta property=\"og:locale\" content=\"sl_SI\" \/>\n<meta property=\"og:type\" content=\"article\" \/>\n<meta property=\"og:title\" content=\"Cookies Policy | Prostornina | Notranje oblikovanje\" \/>\n<meta property=\"og:description\" content=\"Cookies Policy Na\u0161e spletno mesto uporablja pi\u0161kotke, ki obiskovalcu ali uporabniku omogo\u010dajo prikaz in uporabo na\u0161ih spletnih strani, prilagojeno njegovim \u017eeljam. Pi\u0161kotek je majhna besedilna datoteka, ki jo spletni stre\u017enik shrani na disku va\u0161ega ra\u010dunalnika. Glavni namen pi\u0161kotka je, da v ra\u010dunalnik shrani va\u0161e nastavitve in druge neosebne podatke, tako da vam jih ob naslednjem [&hellip;]\" \/>\n<meta property=\"og:url\" content=\"https:\/\/www.prostornina.com\/sl\/piskotki\/\" \/>\n<meta property=\"og:site_name\" content=\"Prostornina | Notranje oblikovanje\" \/>\n<meta property=\"article:publisher\" content=\"https:\/\/www.facebook.com\/prostornina\" \/>\n<meta property=\"article:modified_time\" content=\"2021-10-12T09:32:52+00:00\" \/>\n<meta property=\"og:image\" content=\"https:\/\/www.prostornina.com\/wp-content\/uploads\/2020\/11\/POGLED_01_JEDILNICA-1-e1605862449479.jpg\" \/>\n\t<meta property=\"og:image:width\" content=\"1500\" \/>\n\t<meta property=\"og:image:height\" content=\"1001\" \/>\n\t<meta property=\"og:image:type\" content=\"image\/jpeg\" \/>\n<meta name=\"twitter:card\" content=\"summary_large_image\" \/>\n<meta name=\"twitter:label1\" content=\"Est. reading time\" \/>\n\t<meta name=\"twitter:data1\" content=\"2 minuti\" \/>\n<script type=\"application\/ld+json\" class=\"yoast-schema-graph\">{\"@context\":\"https:\/\/schema.org\",\"@graph\":[{\"@type\":\"WebPage\",\"@id\":\"https:\/\/www.prostornina.com\/sl\/piskotki\/\",\"url\":\"https:\/\/www.prostornina.com\/sl\/piskotki\/\",\"name\":\"Cookies Policy | Prostornina | Notranje oblikovanje\",\"isPartOf\":{\"@id\":\"https:\/\/www.prostornina.com\/sl\/#website\"},\"datePublished\":\"2020-09-26T05:55:30+00:00\",\"dateModified\":\"2021-10-12T09:32:52+00:00\",\"breadcrumb\":{\"@id\":\"https:\/\/www.prostornina.com\/sl\/piskotki\/#breadcrumb\"},\"inLanguage\":\"sl-SI\",\"potentialAction\":[{\"@type\":\"ReadAction\",\"target\":[\"https:\/\/www.prostornina.com\/sl\/piskotki\/\"]}]},{\"@type\":\"BreadcrumbList\",\"@id\":\"https:\/\/www.prostornina.com\/sl\/piskotki\/#breadcrumb\",\"itemListElement\":[{\"@type\":\"ListItem\",\"position\":1,\"name\":\"Home\",\"item\":\"https:\/\/www.prostornina.com\/\"},{\"@type\":\"ListItem\",\"position\":2,\"name\":\"Cookies Policy\"}]},{\"@type\":\"WebSite\",\"@id\":\"https:\/\/www.prostornina.com\/sl\/#website\",\"url\":\"https:\/\/www.prostornina.com\/sl\/\",\"name\":\"Prostornina | Notranje oblikovanje\",\"description\":\"Va\u0161im zgodbam dajemo obliko. Ustvarjamo z ob\u010dutkom oblikovane prostore, ki so funkcionalni in nosijo edinstvene zgodbe po meri naro\u010dnika.\",\"publisher\":{\"@id\":\"https:\/\/www.prostornina.com\/sl\/#organization\"},\"potentialAction\":[{\"@type\":\"SearchAction\",\"target\":{\"@type\":\"EntryPoint\",\"urlTemplate\":\"https:\/\/www.prostornina.com\/sl\/?s={search_term_string}\"},\"query-input\":{\"@type\":\"PropertyValueSpecification\",\"valueRequired\":true,\"valueName\":\"search_term_string\"}}],\"inLanguage\":\"sl-SI\"},{\"@type\":\"Organization\",\"@id\":\"https:\/\/www.prostornina.com\/sl\/#organization\",\"name\":\"Prostornina\",\"url\":\"https:\/\/www.prostornina.com\/sl\/\",\"logo\":{\"@type\":\"ImageObject\",\"inLanguage\":\"sl-SI\",\"@id\":\"https:\/\/www.prostornina.com\/sl\/#\/schema\/logo\/image\/\",\"url\":\"https:\/\/www.prostornina.com\/wp-content\/uploads\/2020\/09\/logo.svg\",\"contentUrl\":\"https:\/\/www.prostornina.com\/wp-content\/uploads\/2020\/09\/logo.svg\",\"width\":184,\"height\":80,\"caption\":\"Prostornina\"},\"image\":{\"@id\":\"https:\/\/www.prostornina.com\/sl\/#\/schema\/logo\/image\/\"},\"sameAs\":[\"https:\/\/www.facebook.com\/prostornina\",\"https:\/\/www.instagram.com\/prostor_nina\/\",\"https:\/\/www.linkedin.com\/company\/prostornina\/\"]}]}<\/script>\n<!-- \/ Yoast SEO plugin. -->","yoast_head_json":{"title":"Cookies Policy | Prostornina | Notranje oblikovanje","robots":{"index":"index","follow":"follow","max-snippet":"max-snippet:-1","max-image-preview":"max-image-preview:large","max-video-preview":"max-video-preview:-1"},"canonical":"https:\/\/www.prostornina.com\/sl\/piskotki\/","og_locale":"sl_SI","og_type":"article","og_title":"Cookies Policy | Prostornina | Notranje oblikovanje","og_description":"Cookies Policy Na\u0161e spletno mesto uporablja pi\u0161kotke, ki obiskovalcu ali uporabniku omogo\u010dajo prikaz in uporabo na\u0161ih spletnih strani, prilagojeno njegovim \u017eeljam. Pi\u0161kotek je majhna besedilna datoteka, ki jo spletni stre\u017enik shrani na disku va\u0161ega ra\u010dunalnika. Glavni namen pi\u0161kotka je, da v ra\u010dunalnik shrani va\u0161e nastavitve in druge neosebne podatke, tako da vam jih ob naslednjem [&hellip;]","og_url":"https:\/\/www.prostornina.com\/sl\/piskotki\/","og_site_name":"Prostornina | Notranje oblikovanje","article_publisher":"https:\/\/www.facebook.com\/prostornina","article_modified_time":"2021-10-12T09:32:52+00:00","og_image":[{"width":1500,"height":1001,"url":"https:\/\/www.prostornina.com\/wp-content\/uploads\/2020\/11\/POGLED_01_JEDILNICA-1-e1605862449479.jpg","type":"image\/jpeg"}],"twitter_card":"summary_large_image","twitter_misc":{"Est. reading time":"2 minuti"},"schema":{"@context":"https:\/\/schema.org","@graph":[{"@type":"WebPage","@id":"https:\/\/www.prostornina.com\/sl\/piskotki\/","url":"https:\/\/www.prostornina.com\/sl\/piskotki\/","name":"Cookies Policy | Prostornina | Notranje oblikovanje","isPartOf":{"@id":"https:\/\/www.prostornina.com\/sl\/#website"},"datePublished":"2020-09-26T05:55:30+00:00","dateModified":"2021-10-12T09:32:52+00:00","breadcrumb":{"@id":"https:\/\/www.prostornina.com\/sl\/piskotki\/#breadcrumb"},"inLanguage":"sl-SI","potentialAction":[{"@type":"ReadAction","target":["https:\/\/www.prostornina.com\/sl\/piskotki\/"]}]},{"@type":"BreadcrumbList","@id":"https:\/\/www.prostornina.com\/sl\/piskotki\/#breadcrumb","itemListElement":[{"@type":"ListItem","position":1,"name":"Home","item":"https:\/\/www.prostornina.com\/"},{"@type":"ListItem","position":2,"name":"Cookies Policy"}]},{"@type":"WebSite","@id":"https:\/\/www.prostornina.com\/sl\/#website","url":"https:\/\/www.prostornina.com\/sl\/","name":"Prostornina | Notranje oblikovanje","description":"Va\u0161im zgodbam dajemo obliko. Ustvarjamo z ob\u010dutkom oblikovane prostore, ki so funkcionalni in nosijo edinstvene zgodbe po meri naro\u010dnika.","publisher":{"@id":"https:\/\/www.prostornina.com\/sl\/#organization"},"potentialAction":[{"@type":"SearchAction","target":{"@type":"EntryPoint","urlTemplate":"https:\/\/www.prostornina.com\/sl\/?s={search_term_string}"},"query-input":{"@type":"PropertyValueSpecification","valueRequired":true,"valueName":"search_term_string"}}],"inLanguage":"sl-SI"},{"@type":"Organization","@id":"https:\/\/www.prostornina.com\/sl\/#organization","name":"Prostornina","url":"https:\/\/www.prostornina.com\/sl\/","logo":{"@type":"ImageObject","inLanguage":"sl-SI","@id":"https:\/\/www.prostornina.com\/sl\/#\/schema\/logo\/image\/","url":"https:\/\/www.prostornina.com\/wp-content\/uploads\/2020\/09\/logo.svg","contentUrl":"https:\/\/www.prostornina.com\/wp-content\/uploads\/2020\/09\/logo.svg","width":184,"height":80,"caption":"Prostornina"},"image":{"@id":"https:\/\/www.prostornina.com\/sl\/#\/schema\/logo\/image\/"},"sameAs":["https:\/\/www.facebook.com\/prostornina","https:\/\/www.instagram.com\/prostor_nina\/","https:\/\/www.linkedin.com\/company\/prostornina\/"]}]}},"_links":{"self":[{"href":"https:\/\/www.prostornina.com\/sl\/wp-json\/wp\/v2\/pages\/49","targetHints":{"allow":["GET"]}}],"collection":[{"href":"https:\/\/www.prostornina.com\/sl\/wp-json\/wp\/v2\/pages"}],"about":[{"href":"https:\/\/www.prostornina.com\/sl\/wp-json\/wp\/v2\/types\/page"}],"author":[{"embeddable":true,"href":"https:\/\/www.prostornina.com\/sl\/wp-json\/wp\/v2\/users\/1"}],"replies":[{"embeddable":true,"href":"https:\/\/www.prostornina.com\/sl\/wp-json\/wp\/v2\/comments?post=49"}],"version-history":[{"count":25,"href":"https:\/\/www.prostornina.com\/sl\/wp-json\/wp\/v2\/pages\/49\/revisions"}],"predecessor-version":[{"id":3046,"href":"https:\/\/www.prostornina.com\/sl\/wp-json\/wp\/v2\/pages\/49\/revisions\/3046"}],"wp:attachment":[{"href":"https:\/\/www.prostornina.com\/sl\/wp-json\/wp\/v2\/media?parent=49"}],"curies":[{"name":"wp","href":"https:\/\/api.w.org\/{rel}","templated":true}]}}