{"id":47,"date":"2020-09-26T07:55:21","date_gmt":"2020-09-26T05:55:21","guid":{"rendered":"http:\/\/localhost:10003\/?page_id=47"},"modified":"2021-10-12T11:33:47","modified_gmt":"2021-10-12T09:33:47","slug":"terms-and-conditions","status":"publish","type":"page","link":"https:\/\/www.prostornina.com\/sl\/terms-and-conditions\/","title":{"rendered":"Terms &#038; Conditions"},"content":{"rendered":"<div data-elementor-type=\"wp-page\" data-elementor-id=\"47\" class=\"elementor elementor-47\" data-elementor-post-type=\"page\">\n\t\t\t\t\t\t<section class=\"elementor-section elementor-top-section elementor-element elementor-element-1cb63dc elementor-section-boxed elementor-section-height-default elementor-section-height-default\" data-id=\"1cb63dc\" data-element_type=\"section\">\n\t\t\t\t\t\t<div class=\"elementor-container elementor-column-gap-default\">\n\t\t\t\t\t<div class=\"elementor-column elementor-col-100 elementor-top-column elementor-element elementor-element-eaf6649\" data-id=\"eaf6649\" data-element_type=\"column\">\n\t\t\t<div class=\"elementor-widget-wrap elementor-element-populated\">\n\t\t\t\t\t\t<div class=\"elementor-element elementor-element-26ac1e6 elementor-widget elementor-widget-heading\" data-id=\"26ac1e6\" data-element_type=\"widget\" data-widget_type=\"heading.default\">\n\t\t\t\t<div class=\"elementor-widget-container\">\n\t\t\t<h1 class=\"elementor-heading-title elementor-size-default\">Pogoji uporabe<\/h1>\t\t<\/div>\n\t\t\t\t<\/div>\n\t\t\t\t\t<\/div>\n\t\t<\/div>\n\t\t\t\t\t<\/div>\n\t\t<\/section>\n\t\t\t\t<section class=\"elementor-section elementor-top-section elementor-element elementor-element-4d448f8 elementor-section-boxed elementor-section-height-default elementor-section-height-default\" data-id=\"4d448f8\" data-element_type=\"section\">\n\t\t\t\t\t\t<div class=\"elementor-container elementor-column-gap-default\">\n\t\t\t\t\t<div class=\"elementor-column elementor-col-100 elementor-top-column elementor-element elementor-element-ce14144\" data-id=\"ce14144\" data-element_type=\"column\">\n\t\t\t<div class=\"elementor-widget-wrap elementor-element-populated\">\n\t\t\t\t\t\t<div class=\"elementor-element elementor-element-fbdfa6f elementor-widget elementor-widget-text-editor\" data-id=\"fbdfa6f\" data-element_type=\"widget\" data-widget_type=\"text-editor.default\">\n\t\t\t\t<div class=\"elementor-widget-container\">\n\t\t\t\t\t\t\t<p>Vsebine, objavljene na spletnem mestu www.prostornina.com so last podjetja Prostornina d.o.o., Na jami 7, 1000 Ljubljana (v nadaljevanju Prostornina d.o.o.) in se lahko uporabljajo le v nekomercialne namene, kjer pa morajo ohraniti vsa navedena opozorila o avtorskih pravicah in se torej ne smejo prepisovati, razmno\u017eevati ali kako druga\u010de raz\u0161irjati.<\/p><p>Podjetje Prostornina d.o.o. ni odgovorno za ob\u010dasno nedelovanje spletnega mesta, morebitno neto\u010dnost informacij in tudi ne za morebitno \u0161kodo nastalo zaradi uporabe neto\u010dnih ali nepopolnih informacij. Niti podjetje Prostornina d.o.o. niti katerakoli druga pravna ali fizi\u010dna oseba, ki je sodelovala pri nastanku in izdelavi teh spletnih strani, zato ne odgovarja za nobeno \u0161kodo, ki bi izhajala iz dostopa do, uporabe ali nemo\u017enosti uporabe informacij na teh spletnih straneh ali za kakr\u0161nekoli napake ali pomanjkljivosti v njihovi vsebini. Prav tako si podjetje Prostornina d.o.o. pridr\u017euje pravico do sprememb vsebin.<\/p>\t\t\t\t\t\t<\/div>\n\t\t\t\t<\/div>\n\t\t\t\t\t<\/div>\n\t\t<\/div>\n\t\t\t\t\t<\/div>\n\t\t<\/section>\n\t\t\t\t<\/div>","protected":false},"excerpt":{"rendered":"<p>Terms and Conditions Vsebine, objavljene na spletnem mestu www.prostornina.com so last podjetja Prostornina d.o.o., Na jami 7, 1000 Ljubljana (v nadaljevanju Prostornina d.o.o.) in se lahko uporabljajo le v nekomercialne namene, kjer pa morajo ohraniti vsa navedena opozorila o avtorskih pravicah in se torej ne smejo prepisovati, razmno\u017eevati ali kako druga\u010de raz\u0161irjati. Podjetje Prostornina d.o.o. [&hellip;]<\/p>","protected":false},"author":1,"featured_media":0,"parent":0,"menu_order":0,"comment_status":"closed","ping_status":"closed","template":"","meta":{"_acf_changed":false,"inline_featured_image":false,"footnotes":""},"class_list":["post-47","page","type-page","status-publish","hentry"],"acf":[],"yoast_head":"<!-- This site is optimized with the Yoast SEO plugin v24.0 - https:\/\/yoast.com\/wordpress\/plugins\/seo\/ -->\n<title>Terms &amp; Conditions | Prostornina | Notranje oblikovanje<\/title>\n<meta name=\"robots\" content=\"index, follow, max-snippet:-1, max-image-preview:large, max-video-preview:-1\" \/>\n<link rel=\"canonical\" href=\"https:\/\/www.prostornina.com\/sl\/terms-and-conditions\/\" \/>\n<meta property=\"og:locale\" content=\"sl_SI\" \/>\n<meta property=\"og:type\" content=\"article\" \/>\n<meta property=\"og:title\" content=\"Terms &amp; Conditions | Prostornina | Notranje oblikovanje\" \/>\n<meta property=\"og:description\" content=\"Terms and Conditions Vsebine, objavljene na spletnem mestu www.prostornina.com so last podjetja Prostornina d.o.o., Na jami 7, 1000 Ljubljana (v nadaljevanju Prostornina d.o.o.) in se lahko uporabljajo le v nekomercialne namene, kjer pa morajo ohraniti vsa navedena opozorila o avtorskih pravicah in se torej ne smejo prepisovati, razmno\u017eevati ali kako druga\u010de raz\u0161irjati. Podjetje Prostornina d.o.o. [&hellip;]\" \/>\n<meta property=\"og:url\" content=\"https:\/\/www.prostornina.com\/sl\/terms-and-conditions\/\" \/>\n<meta property=\"og:site_name\" content=\"Prostornina | Notranje oblikovanje\" \/>\n<meta property=\"article:publisher\" content=\"https:\/\/www.facebook.com\/prostornina\" \/>\n<meta property=\"article:modified_time\" content=\"2021-10-12T09:33:47+00:00\" \/>\n<meta property=\"og:image\" content=\"https:\/\/www.prostornina.com\/wp-content\/uploads\/2020\/11\/POGLED_01_JEDILNICA-1-e1605862449479.jpg\" \/>\n\t<meta property=\"og:image:width\" content=\"1500\" \/>\n\t<meta property=\"og:image:height\" content=\"1001\" \/>\n\t<meta property=\"og:image:type\" content=\"image\/jpeg\" \/>\n<meta name=\"twitter:card\" content=\"summary_large_image\" \/>\n<meta name=\"twitter:label1\" content=\"Est. reading time\" \/>\n\t<meta name=\"twitter:data1\" content=\"1 minuta\" \/>\n<script type=\"application\/ld+json\" class=\"yoast-schema-graph\">{\"@context\":\"https:\/\/schema.org\",\"@graph\":[{\"@type\":\"WebPage\",\"@id\":\"https:\/\/www.prostornina.com\/terms-and-conditions\/\",\"url\":\"https:\/\/www.prostornina.com\/terms-and-conditions\/\",\"name\":\"Terms & Conditions | Prostornina | Notranje oblikovanje\",\"isPartOf\":{\"@id\":\"https:\/\/www.prostornina.com\/sl\/#website\"},\"datePublished\":\"2020-09-26T05:55:21+00:00\",\"dateModified\":\"2021-10-12T09:33:47+00:00\",\"breadcrumb\":{\"@id\":\"https:\/\/www.prostornina.com\/terms-and-conditions\/#breadcrumb\"},\"inLanguage\":\"sl-SI\",\"potentialAction\":[{\"@type\":\"ReadAction\",\"target\":[\"https:\/\/www.prostornina.com\/terms-and-conditions\/\"]}]},{\"@type\":\"BreadcrumbList\",\"@id\":\"https:\/\/www.prostornina.com\/terms-and-conditions\/#breadcrumb\",\"itemListElement\":[{\"@type\":\"ListItem\",\"position\":1,\"name\":\"Home\",\"item\":\"https:\/\/www.prostornina.com\/\"},{\"@type\":\"ListItem\",\"position\":2,\"name\":\"Terms &#038; Conditions\"}]},{\"@type\":\"WebSite\",\"@id\":\"https:\/\/www.prostornina.com\/sl\/#website\",\"url\":\"https:\/\/www.prostornina.com\/sl\/\",\"name\":\"Prostornina | Notranje oblikovanje\",\"description\":\"Va\u0161im zgodbam dajemo obliko. Ustvarjamo z ob\u010dutkom oblikovane prostore, ki so funkcionalni in nosijo edinstvene zgodbe po meri naro\u010dnika.\",\"publisher\":{\"@id\":\"https:\/\/www.prostornina.com\/sl\/#organization\"},\"potentialAction\":[{\"@type\":\"SearchAction\",\"target\":{\"@type\":\"EntryPoint\",\"urlTemplate\":\"https:\/\/www.prostornina.com\/sl\/?s={search_term_string}\"},\"query-input\":{\"@type\":\"PropertyValueSpecification\",\"valueRequired\":true,\"valueName\":\"search_term_string\"}}],\"inLanguage\":\"sl-SI\"},{\"@type\":\"Organization\",\"@id\":\"https:\/\/www.prostornina.com\/sl\/#organization\",\"name\":\"Prostornina\",\"url\":\"https:\/\/www.prostornina.com\/sl\/\",\"logo\":{\"@type\":\"ImageObject\",\"inLanguage\":\"sl-SI\",\"@id\":\"https:\/\/www.prostornina.com\/sl\/#\/schema\/logo\/image\/\",\"url\":\"https:\/\/www.prostornina.com\/wp-content\/uploads\/2020\/09\/logo.svg\",\"contentUrl\":\"https:\/\/www.prostornina.com\/wp-content\/uploads\/2020\/09\/logo.svg\",\"width\":184,\"height\":80,\"caption\":\"Prostornina\"},\"image\":{\"@id\":\"https:\/\/www.prostornina.com\/sl\/#\/schema\/logo\/image\/\"},\"sameAs\":[\"https:\/\/www.facebook.com\/prostornina\",\"https:\/\/www.instagram.com\/prostor_nina\/\",\"https:\/\/www.linkedin.com\/company\/prostornina\/\"]}]}<\/script>\n<!-- \/ Yoast SEO plugin. -->","yoast_head_json":{"title":"Terms & Conditions | Prostornina | Notranje oblikovanje","robots":{"index":"index","follow":"follow","max-snippet":"max-snippet:-1","max-image-preview":"max-image-preview:large","max-video-preview":"max-video-preview:-1"},"canonical":"https:\/\/www.prostornina.com\/sl\/terms-and-conditions\/","og_locale":"sl_SI","og_type":"article","og_title":"Terms & Conditions | Prostornina | Notranje oblikovanje","og_description":"Terms and Conditions Vsebine, objavljene na spletnem mestu www.prostornina.com so last podjetja Prostornina d.o.o., Na jami 7, 1000 Ljubljana (v nadaljevanju Prostornina d.o.o.) in se lahko uporabljajo le v nekomercialne namene, kjer pa morajo ohraniti vsa navedena opozorila o avtorskih pravicah in se torej ne smejo prepisovati, razmno\u017eevati ali kako druga\u010de raz\u0161irjati. Podjetje Prostornina d.o.o. [&hellip;]","og_url":"https:\/\/www.prostornina.com\/sl\/terms-and-conditions\/","og_site_name":"Prostornina | Notranje oblikovanje","article_publisher":"https:\/\/www.facebook.com\/prostornina","article_modified_time":"2021-10-12T09:33:47+00:00","og_image":[{"width":1500,"height":1001,"url":"https:\/\/www.prostornina.com\/wp-content\/uploads\/2020\/11\/POGLED_01_JEDILNICA-1-e1605862449479.jpg","type":"image\/jpeg"}],"twitter_card":"summary_large_image","twitter_misc":{"Est. reading time":"1 minuta"},"schema":{"@context":"https:\/\/schema.org","@graph":[{"@type":"WebPage","@id":"https:\/\/www.prostornina.com\/terms-and-conditions\/","url":"https:\/\/www.prostornina.com\/terms-and-conditions\/","name":"Terms & Conditions | Prostornina | Notranje oblikovanje","isPartOf":{"@id":"https:\/\/www.prostornina.com\/sl\/#website"},"datePublished":"2020-09-26T05:55:21+00:00","dateModified":"2021-10-12T09:33:47+00:00","breadcrumb":{"@id":"https:\/\/www.prostornina.com\/terms-and-conditions\/#breadcrumb"},"inLanguage":"sl-SI","potentialAction":[{"@type":"ReadAction","target":["https:\/\/www.prostornina.com\/terms-and-conditions\/"]}]},{"@type":"BreadcrumbList","@id":"https:\/\/www.prostornina.com\/terms-and-conditions\/#breadcrumb","itemListElement":[{"@type":"ListItem","position":1,"name":"Home","item":"https:\/\/www.prostornina.com\/"},{"@type":"ListItem","position":2,"name":"Terms &#038; Conditions"}]},{"@type":"WebSite","@id":"https:\/\/www.prostornina.com\/sl\/#website","url":"https:\/\/www.prostornina.com\/sl\/","name":"Prostornina | Notranje oblikovanje","description":"Va\u0161im zgodbam dajemo obliko. Ustvarjamo z ob\u010dutkom oblikovane prostore, ki so funkcionalni in nosijo edinstvene zgodbe po meri naro\u010dnika.","publisher":{"@id":"https:\/\/www.prostornina.com\/sl\/#organization"},"potentialAction":[{"@type":"SearchAction","target":{"@type":"EntryPoint","urlTemplate":"https:\/\/www.prostornina.com\/sl\/?s={search_term_string}"},"query-input":{"@type":"PropertyValueSpecification","valueRequired":true,"valueName":"search_term_string"}}],"inLanguage":"sl-SI"},{"@type":"Organization","@id":"https:\/\/www.prostornina.com\/sl\/#organization","name":"Prostornina","url":"https:\/\/www.prostornina.com\/sl\/","logo":{"@type":"ImageObject","inLanguage":"sl-SI","@id":"https:\/\/www.prostornina.com\/sl\/#\/schema\/logo\/image\/","url":"https:\/\/www.prostornina.com\/wp-content\/uploads\/2020\/09\/logo.svg","contentUrl":"https:\/\/www.prostornina.com\/wp-content\/uploads\/2020\/09\/logo.svg","width":184,"height":80,"caption":"Prostornina"},"image":{"@id":"https:\/\/www.prostornina.com\/sl\/#\/schema\/logo\/image\/"},"sameAs":["https:\/\/www.facebook.com\/prostornina","https:\/\/www.instagram.com\/prostor_nina\/","https:\/\/www.linkedin.com\/company\/prostornina\/"]}]}},"_links":{"self":[{"href":"https:\/\/www.prostornina.com\/sl\/wp-json\/wp\/v2\/pages\/47","targetHints":{"allow":["GET"]}}],"collection":[{"href":"https:\/\/www.prostornina.com\/sl\/wp-json\/wp\/v2\/pages"}],"about":[{"href":"https:\/\/www.prostornina.com\/sl\/wp-json\/wp\/v2\/types\/page"}],"author":[{"embeddable":true,"href":"https:\/\/www.prostornina.com\/sl\/wp-json\/wp\/v2\/users\/1"}],"replies":[{"embeddable":true,"href":"https:\/\/www.prostornina.com\/sl\/wp-json\/wp\/v2\/comments?post=47"}],"version-history":[{"count":27,"href":"https:\/\/www.prostornina.com\/sl\/wp-json\/wp\/v2\/pages\/47\/revisions"}],"predecessor-version":[{"id":3049,"href":"https:\/\/www.prostornina.com\/sl\/wp-json\/wp\/v2\/pages\/47\/revisions\/3049"}],"wp:attachment":[{"href":"https:\/\/www.prostornina.com\/sl\/wp-json\/wp\/v2\/media?parent=47"}],"curies":[{"name":"wp","href":"https:\/\/api.w.org\/{rel}","templated":true}]}}