{"id":19,"date":"2020-09-26T06:22:15","date_gmt":"2020-09-26T04:22:15","guid":{"rendered":"http:\/\/localhost:10003\/?page_id=19"},"modified":"2025-11-05T10:30:14","modified_gmt":"2025-11-05T08:30:14","slug":"contact","status":"publish","type":"page","link":"https:\/\/www.prostornina.com\/sl\/contact\/","title":{"rendered":"kontakt"},"content":{"rendered":"<div data-elementor-type=\"wp-page\" data-elementor-id=\"19\" class=\"elementor elementor-19\" data-elementor-post-type=\"page\">\n\t\t\t\t\t\t<section class=\"elementor-section elementor-top-section elementor-element elementor-element-3358145 elementor-section-boxed elementor-section-height-default elementor-section-height-default\" data-id=\"3358145\" data-element_type=\"section\">\n\t\t\t\t\t\t<div class=\"elementor-container elementor-column-gap-default\">\n\t\t\t\t\t<div class=\"elementor-column elementor-col-100 elementor-top-column elementor-element elementor-element-b62d5c4\" data-id=\"b62d5c4\" data-element_type=\"column\">\n\t\t\t<div class=\"elementor-widget-wrap elementor-element-populated\">\n\t\t\t\t\t\t<div class=\"elementor-element elementor-element-3367996 elementor-widget elementor-widget-heading\" data-id=\"3367996\" data-element_type=\"widget\" data-widget_type=\"heading.default\">\n\t\t\t\t<div class=\"elementor-widget-container\">\n\t\t\t<h1 class=\"elementor-heading-title elementor-size-default\">Kontakt<\/h1>\t\t<\/div>\n\t\t\t\t<\/div>\n\t\t\t\t\t<\/div>\n\t\t<\/div>\n\t\t\t\t\t<\/div>\n\t\t<\/section>\n\t\t\t\t<section class=\"elementor-section elementor-top-section elementor-element elementor-element-b45df23 elementor-section-boxed elementor-section-height-default elementor-section-height-default\" data-id=\"b45df23\" data-element_type=\"section\">\n\t\t\t\t\t\t<div class=\"elementor-container elementor-column-gap-narrow\">\n\t\t\t\t\t<div class=\"elementor-column elementor-col-50 elementor-top-column elementor-element elementor-element-9ea46e6\" data-id=\"9ea46e6\" data-element_type=\"column\">\n\t\t\t<div class=\"elementor-widget-wrap elementor-element-populated\">\n\t\t\t\t\t\t<div class=\"elementor-element elementor-element-054a6fd elementor-widget elementor-widget-image\" data-id=\"054a6fd\" data-element_type=\"widget\" data-widget_type=\"image.default\">\n\t\t\t\t<div class=\"elementor-widget-container\">\n\t\t\t\t\t\t\t\t\t\t\t\t\t<img fetchpriority=\"high\" decoding=\"async\" width=\"640\" height=\"958\" src=\"https:\/\/www.prostornina.com\/wp-content\/uploads\/2023\/12\/Prostornina_Edited_Corrected-8-684x1024.jpg\" class=\"attachment-large size-large wp-image-5700\" alt=\"\" srcset=\"https:\/\/www.prostornina.com\/wp-content\/uploads\/2023\/12\/Prostornina_Edited_Corrected-8-684x1024.jpg 684w, https:\/\/www.prostornina.com\/wp-content\/uploads\/2023\/12\/Prostornina_Edited_Corrected-8-200x300.jpg 200w, https:\/\/www.prostornina.com\/wp-content\/uploads\/2023\/12\/Prostornina_Edited_Corrected-8-768x1150.jpg 768w, https:\/\/www.prostornina.com\/wp-content\/uploads\/2023\/12\/Prostornina_Edited_Corrected-8-1025x1536.jpg 1025w, https:\/\/www.prostornina.com\/wp-content\/uploads\/2023\/12\/Prostornina_Edited_Corrected-8-1367x2048.jpg 1367w, https:\/\/www.prostornina.com\/wp-content\/uploads\/2023\/12\/Prostornina_Edited_Corrected-8-8x12.jpg 8w, https:\/\/www.prostornina.com\/wp-content\/uploads\/2023\/12\/Prostornina_Edited_Corrected-8-scaled.jpg 1709w\" sizes=\"(max-width: 640px) 100vw, 640px\" \/>\t\t\t\t\t\t\t\t\t\t\t\t\t<\/div>\n\t\t\t\t<\/div>\n\t\t\t\t<div class=\"elementor-element elementor-element-c1e1569 elementor-widget elementor-widget-heading\" data-id=\"c1e1569\" data-element_type=\"widget\" data-widget_type=\"heading.default\">\n\t\t\t\t<div class=\"elementor-widget-container\">\n\t\t\t<h2 class=\"elementor-heading-title elementor-size-large\">Nina Mei Gaiman<\/h2>\t\t<\/div>\n\t\t\t\t<\/div>\n\t\t\t\t<div class=\"elementor-element elementor-element-b28283d elementor-widget elementor-widget-heading\" data-id=\"b28283d\" data-element_type=\"widget\" data-widget_type=\"heading.default\">\n\t\t\t\t<div class=\"elementor-widget-container\">\n\t\t\t<h4 class=\"elementor-heading-title elementor-size-large\">inter. arch.<\/h4>\t\t<\/div>\n\t\t\t\t<\/div>\n\t\t\t\t<div class=\"elementor-element elementor-element-f563b35 elementor-widget elementor-widget-heading\" data-id=\"f563b35\" data-element_type=\"widget\" data-widget_type=\"heading.default\">\n\t\t\t\t<div class=\"elementor-widget-container\">\n\t\t\t<h4 class=\"elementor-heading-title elementor-size-large\">Direktorica in ustanoviteljica | Vodilna notranja arhitektka<\/h4>\t\t<\/div>\n\t\t\t\t<\/div>\n\t\t\t\t<div class=\"elementor-element elementor-element-0d3138c elementor-widget elementor-widget-text-editor\" data-id=\"0d3138c\" data-element_type=\"widget\" data-widget_type=\"text-editor.default\">\n\t\t\t\t<div class=\"elementor-widget-container\">\n\t\t\t\t\t\t\t<p style=\"text-align: center;\"><a href=\"mailto:nina@prostornina.com\">nina@prostornina.com<\/a><\/p>\t\t\t\t\t\t<\/div>\n\t\t\t\t<\/div>\n\t\t\t\t\t<\/div>\n\t\t<\/div>\n\t\t\t\t<div class=\"elementor-column elementor-col-50 elementor-top-column elementor-element elementor-element-e5c264c\" data-id=\"e5c264c\" data-element_type=\"column\">\n\t\t\t<div class=\"elementor-widget-wrap elementor-element-populated\">\n\t\t\t\t\t\t<div class=\"elementor-element elementor-element-acf9dce elementor-widget elementor-widget-image\" data-id=\"acf9dce\" data-element_type=\"widget\" data-widget_type=\"image.default\">\n\t\t\t\t<div class=\"elementor-widget-container\">\n\t\t\t\t\t\t\t\t\t\t\t\t\t<img decoding=\"async\" width=\"640\" height=\"958\" src=\"https:\/\/www.prostornina.com\/wp-content\/uploads\/2023\/12\/Prostornina_Edited_Corrected-3-684x1024.jpg\" class=\"attachment-large size-large wp-image-5699\" alt=\"\" srcset=\"https:\/\/www.prostornina.com\/wp-content\/uploads\/2023\/12\/Prostornina_Edited_Corrected-3-684x1024.jpg 684w, https:\/\/www.prostornina.com\/wp-content\/uploads\/2023\/12\/Prostornina_Edited_Corrected-3-200x300.jpg 200w, https:\/\/www.prostornina.com\/wp-content\/uploads\/2023\/12\/Prostornina_Edited_Corrected-3-768x1151.jpg 768w, https:\/\/www.prostornina.com\/wp-content\/uploads\/2023\/12\/Prostornina_Edited_Corrected-3-1025x1536.jpg 1025w, https:\/\/www.prostornina.com\/wp-content\/uploads\/2023\/12\/Prostornina_Edited_Corrected-3-1367x2048.jpg 1367w, https:\/\/www.prostornina.com\/wp-content\/uploads\/2023\/12\/Prostornina_Edited_Corrected-3-8x12.jpg 8w, https:\/\/www.prostornina.com\/wp-content\/uploads\/2023\/12\/Prostornina_Edited_Corrected-3-scaled.jpg 1709w\" sizes=\"(max-width: 640px) 100vw, 640px\" \/>\t\t\t\t\t\t\t\t\t\t\t\t\t<\/div>\n\t\t\t\t<\/div>\n\t\t\t\t<div class=\"elementor-element elementor-element-ea31f76 elementor-widget elementor-widget-heading\" data-id=\"ea31f76\" data-element_type=\"widget\" data-widget_type=\"heading.default\">\n\t\t\t\t<div class=\"elementor-widget-container\">\n\t\t\t<h2 class=\"elementor-heading-title elementor-size-large\">\u017diva Lutman<\/h2>\t\t<\/div>\n\t\t\t\t<\/div>\n\t\t\t\t<div class=\"elementor-element elementor-element-cc93a04 elementor-widget elementor-widget-heading\" data-id=\"cc93a04\" data-element_type=\"widget\" data-widget_type=\"heading.default\">\n\t\t\t\t<div class=\"elementor-widget-container\">\n\t\t\t<h4 class=\"elementor-heading-title elementor-size-large\">MFA Design<\/h4>\t\t<\/div>\n\t\t\t\t<\/div>\n\t\t\t\t<div class=\"elementor-element elementor-element-e1c5b95 elementor-widget elementor-widget-heading\" data-id=\"e1c5b95\" data-element_type=\"widget\" data-widget_type=\"heading.default\">\n\t\t\t\t<div class=\"elementor-widget-container\">\n\t\t\t<h4 class=\"elementor-heading-title elementor-size-large\">Notranja oblikovalka<\/h4>\t\t<\/div>\n\t\t\t\t<\/div>\n\t\t\t\t<div class=\"elementor-element elementor-element-93cd3e2 elementor-widget elementor-widget-text-editor\" data-id=\"93cd3e2\" data-element_type=\"widget\" data-widget_type=\"text-editor.default\">\n\t\t\t\t<div class=\"elementor-widget-container\">\n\t\t\t\t\t\t\t<p style=\"text-align: center;\"><a href=\"mailto:ziva@prostornina.com\">ziva@prostornina.com<\/a><\/p>\t\t\t\t\t\t<\/div>\n\t\t\t\t<\/div>\n\t\t\t\t\t<\/div>\n\t\t<\/div>\n\t\t\t\t\t<\/div>\n\t\t<\/section>\n\t\t\t\t<section class=\"elementor-section elementor-top-section elementor-element elementor-element-965ad8e elementor-section-boxed elementor-section-height-default elementor-section-height-default\" data-id=\"965ad8e\" data-element_type=\"section\">\n\t\t\t\t\t\t<div class=\"elementor-container elementor-column-gap-default\">\n\t\t\t\t\t<div class=\"elementor-column elementor-col-100 elementor-top-column elementor-element elementor-element-c2362d1\" data-id=\"c2362d1\" data-element_type=\"column\">\n\t\t\t<div class=\"elementor-widget-wrap elementor-element-populated\">\n\t\t\t\t\t\t<div class=\"elementor-element elementor-element-25c4ea6 elementor-widget elementor-widget-heading\" data-id=\"25c4ea6\" data-element_type=\"widget\" data-widget_type=\"heading.default\">\n\t\t\t\t<div class=\"elementor-widget-container\">\n\t\t\t<h2 class=\"elementor-heading-title elementor-size-default\">Kje nas najdete?<\/h2>\t\t<\/div>\n\t\t\t\t<\/div>\n\t\t\t\t<div class=\"elementor-element elementor-element-7932490 elementor-widget elementor-widget-text-editor\" data-id=\"7932490\" data-element_type=\"widget\" data-widget_type=\"text-editor.default\">\n\t\t\t\t<div class=\"elementor-widget-container\">\n\t\t\t\t\t\t\t<p style=\"text-align: center;\"><strong>Poslovna enota<\/strong><\/p><p style=\"text-align: center;\">PROSTORNINA d.o.o.<br \/>\u0160martinska cesta 72<br \/>1000 Ljubljana<br \/>Slovenia<\/p>\t\t\t\t\t\t<\/div>\n\t\t\t\t<\/div>\n\t\t\t\t\t<\/div>\n\t\t<\/div>\n\t\t\t\t\t<\/div>\n\t\t<\/section>\n\t\t\t\t<section class=\"elementor-section elementor-top-section elementor-element elementor-element-79bb785 elementor-section-full_width elementor-section-height-default elementor-section-height-default\" data-id=\"79bb785\" data-element_type=\"section\">\n\t\t\t\t\t\t<div class=\"elementor-container elementor-column-gap-default\">\n\t\t\t\t\t<div class=\"elementor-column elementor-col-100 elementor-top-column elementor-element elementor-element-2b51fdf\" data-id=\"2b51fdf\" data-element_type=\"column\">\n\t\t\t<div class=\"elementor-widget-wrap elementor-element-populated\">\n\t\t\t\t\t\t<section class=\"elementor-section elementor-inner-section elementor-element elementor-element-0f2a70b elementor-section-full_width elementor-section-height-default elementor-section-height-default\" data-id=\"0f2a70b\" data-element_type=\"section\">\n\t\t\t\t\t\t<div class=\"elementor-container elementor-column-gap-default\">\n\t\t\t\t\t<div class=\"elementor-column elementor-col-100 elementor-inner-column elementor-element elementor-element-21bdf20\" data-id=\"21bdf20\" data-element_type=\"column\">\n\t\t\t<div class=\"elementor-widget-wrap elementor-element-populated\">\n\t\t\t\t\t\t<div class=\"elementor-element elementor-element-0a7da24 elementor-widget elementor-widget-google_maps\" data-id=\"0a7da24\" data-element_type=\"widget\" data-widget_type=\"google_maps.default\">\n\t\t\t\t<div class=\"elementor-widget-container\">\n\t\t\t\t\t<div class=\"elementor-custom-embed\">\n\t\t\t<iframe loading=\"lazy\"\n\t\t\t\t\tsrc=\"https:\/\/maps.google.com\/maps?q=%C5%A0martinska%20c%2072&#038;t=m&#038;z=16&#038;output=embed&#038;iwloc=near\"\n\t\t\t\t\ttitle=\"\u0160martinska c 72\"\n\t\t\t\t\taria-label=\"\u0160martinska c 72\"\n\t\t\t><\/iframe>\n\t\t<\/div>\n\t\t\t\t<\/div>\n\t\t\t\t<\/div>\n\t\t\t\t\t<\/div>\n\t\t<\/div>\n\t\t\t\t\t<\/div>\n\t\t<\/section>\n\t\t\t\t\t<\/div>\n\t\t<\/div>\n\t\t\t\t\t<\/div>\n\t\t<\/section>\n\t\t\t\t<\/div>","protected":false},"excerpt":{"rendered":"<p>Contact Nina Mei Gaiman inter. arch. Founder and CEO | Lead Interior Architect nina@prostornina.com \u017diva Lutman MFA Design Interior Designer ziva@prostornina.com Where can you find us? Office facilities PROSTORNINA d.o.o.\u0160martinska cesta 721000 LjubljanaSlovenia<\/p>","protected":false},"author":1,"featured_media":0,"parent":0,"menu_order":0,"comment_status":"closed","ping_status":"closed","template":"","meta":{"_acf_changed":false,"inline_featured_image":false,"footnotes":""},"class_list":["post-19","page","type-page","status-publish","hentry"],"acf":[],"yoast_head":"<!-- This site is optimized with the Yoast SEO plugin v24.0 - https:\/\/yoast.com\/wordpress\/plugins\/seo\/ -->\n<title>Contact | Prostornina | Interior Design<\/title>\n<meta name=\"description\" content=\"Nina Mei Gaiman, Lead Interior Architect at Prostornina Interior Design Studio | Ljubljana, Slovenia | team@prostornina.com\" \/>\n<meta name=\"robots\" content=\"index, follow, max-snippet:-1, max-image-preview:large, max-video-preview:-1\" \/>\n<link rel=\"canonical\" href=\"https:\/\/www.prostornina.com\/sl\/contact\/\" \/>\n<meta property=\"og:locale\" content=\"sl_SI\" \/>\n<meta property=\"og:type\" content=\"article\" \/>\n<meta property=\"og:title\" content=\"Contact | Prostornina | Interior Design\" \/>\n<meta property=\"og:description\" content=\"Nina Mei Gaiman, Lead Interior Architect at Prostornina Interior Design Studio | Ljubljana, Slovenia | team@prostornina.com\" \/>\n<meta property=\"og:url\" content=\"https:\/\/www.prostornina.com\/sl\/contact\/\" \/>\n<meta property=\"og:site_name\" content=\"Prostornina | Notranje oblikovanje\" \/>\n<meta property=\"article:publisher\" content=\"https:\/\/www.facebook.com\/prostornina\" \/>\n<meta property=\"article:modified_time\" content=\"2025-11-05T08:30:14+00:00\" \/>\n<meta property=\"og:image\" content=\"https:\/\/www.prostornina.com\/wp-content\/uploads\/2023\/12\/Prostornina_Edited_Corrected-8-scaled.jpg\" \/>\n\t<meta property=\"og:image:width\" content=\"1709\" \/>\n\t<meta property=\"og:image:height\" content=\"2560\" \/>\n\t<meta property=\"og:image:type\" content=\"image\/jpeg\" \/>\n<meta name=\"twitter:card\" content=\"summary_large_image\" \/>\n<meta name=\"twitter:label1\" content=\"Est. reading time\" \/>\n\t<meta name=\"twitter:data1\" content=\"1 minuta\" \/>\n<script type=\"application\/ld+json\" class=\"yoast-schema-graph\">{\"@context\":\"https:\/\/schema.org\",\"@graph\":[{\"@type\":\"WebPage\",\"@id\":\"https:\/\/www.prostornina.com\/contact\/\",\"url\":\"https:\/\/www.prostornina.com\/contact\/\",\"name\":\"Contact | Prostornina | Interior Design\",\"isPartOf\":{\"@id\":\"https:\/\/www.prostornina.com\/sl\/#website\"},\"primaryImageOfPage\":{\"@id\":\"https:\/\/www.prostornina.com\/contact\/#primaryimage\"},\"image\":{\"@id\":\"https:\/\/www.prostornina.com\/contact\/#primaryimage\"},\"thumbnailUrl\":\"https:\/\/www.prostornina.com\/wp-content\/uploads\/2023\/12\/Prostornina_Edited_Corrected-8-684x1024.jpg\",\"datePublished\":\"2020-09-26T04:22:15+00:00\",\"dateModified\":\"2025-11-05T08:30:14+00:00\",\"description\":\"Nina Mei Gaiman, Lead Interior Architect at Prostornina Interior Design Studio | Ljubljana, Slovenia | team@prostornina.com\",\"breadcrumb\":{\"@id\":\"https:\/\/www.prostornina.com\/contact\/#breadcrumb\"},\"inLanguage\":\"sl-SI\",\"potentialAction\":[{\"@type\":\"ReadAction\",\"target\":[\"https:\/\/www.prostornina.com\/contact\/\"]}]},{\"@type\":\"ImageObject\",\"inLanguage\":\"sl-SI\",\"@id\":\"https:\/\/www.prostornina.com\/contact\/#primaryimage\",\"url\":\"https:\/\/www.prostornina.com\/wp-content\/uploads\/2023\/12\/Prostornina_Edited_Corrected-8-684x1024.jpg\",\"contentUrl\":\"https:\/\/www.prostornina.com\/wp-content\/uploads\/2023\/12\/Prostornina_Edited_Corrected-8-684x1024.jpg\"},{\"@type\":\"BreadcrumbList\",\"@id\":\"https:\/\/www.prostornina.com\/contact\/#breadcrumb\",\"itemListElement\":[{\"@type\":\"ListItem\",\"position\":1,\"name\":\"Home\",\"item\":\"https:\/\/www.prostornina.com\/\"},{\"@type\":\"ListItem\",\"position\":2,\"name\":\"contact\"}]},{\"@type\":\"WebSite\",\"@id\":\"https:\/\/www.prostornina.com\/sl\/#website\",\"url\":\"https:\/\/www.prostornina.com\/sl\/\",\"name\":\"Prostornina | Notranje oblikovanje\",\"description\":\"Va\u0161im zgodbam dajemo obliko. Ustvarjamo z ob\u010dutkom oblikovane prostore, ki so funkcionalni in nosijo edinstvene zgodbe po meri naro\u010dnika.\",\"publisher\":{\"@id\":\"https:\/\/www.prostornina.com\/sl\/#organization\"},\"potentialAction\":[{\"@type\":\"SearchAction\",\"target\":{\"@type\":\"EntryPoint\",\"urlTemplate\":\"https:\/\/www.prostornina.com\/sl\/?s={search_term_string}\"},\"query-input\":{\"@type\":\"PropertyValueSpecification\",\"valueRequired\":true,\"valueName\":\"search_term_string\"}}],\"inLanguage\":\"sl-SI\"},{\"@type\":\"Organization\",\"@id\":\"https:\/\/www.prostornina.com\/sl\/#organization\",\"name\":\"Prostornina\",\"url\":\"https:\/\/www.prostornina.com\/sl\/\",\"logo\":{\"@type\":\"ImageObject\",\"inLanguage\":\"sl-SI\",\"@id\":\"https:\/\/www.prostornina.com\/sl\/#\/schema\/logo\/image\/\",\"url\":\"https:\/\/www.prostornina.com\/wp-content\/uploads\/2020\/09\/logo.svg\",\"contentUrl\":\"https:\/\/www.prostornina.com\/wp-content\/uploads\/2020\/09\/logo.svg\",\"width\":184,\"height\":80,\"caption\":\"Prostornina\"},\"image\":{\"@id\":\"https:\/\/www.prostornina.com\/sl\/#\/schema\/logo\/image\/\"},\"sameAs\":[\"https:\/\/www.facebook.com\/prostornina\",\"https:\/\/www.instagram.com\/prostor_nina\/\",\"https:\/\/www.linkedin.com\/company\/prostornina\/\"]}]}<\/script>\n<!-- \/ Yoast SEO plugin. -->","yoast_head_json":{"title":"Contact | Prostornina | Interior Design","description":"Nina Mei Gaiman, Lead Interior Architect at Prostornina Interior Design Studio | Ljubljana, Slovenia | team@prostornina.com","robots":{"index":"index","follow":"follow","max-snippet":"max-snippet:-1","max-image-preview":"max-image-preview:large","max-video-preview":"max-video-preview:-1"},"canonical":"https:\/\/www.prostornina.com\/sl\/contact\/","og_locale":"sl_SI","og_type":"article","og_title":"Contact | Prostornina | Interior Design","og_description":"Nina Mei Gaiman, Lead Interior Architect at Prostornina Interior Design Studio | Ljubljana, Slovenia | team@prostornina.com","og_url":"https:\/\/www.prostornina.com\/sl\/contact\/","og_site_name":"Prostornina | Notranje oblikovanje","article_publisher":"https:\/\/www.facebook.com\/prostornina","article_modified_time":"2025-11-05T08:30:14+00:00","og_image":[{"width":1709,"height":2560,"url":"https:\/\/www.prostornina.com\/wp-content\/uploads\/2023\/12\/Prostornina_Edited_Corrected-8-scaled.jpg","type":"image\/jpeg"}],"twitter_card":"summary_large_image","twitter_misc":{"Est. reading time":"1 minuta"},"schema":{"@context":"https:\/\/schema.org","@graph":[{"@type":"WebPage","@id":"https:\/\/www.prostornina.com\/contact\/","url":"https:\/\/www.prostornina.com\/contact\/","name":"Contact | Prostornina | Interior Design","isPartOf":{"@id":"https:\/\/www.prostornina.com\/sl\/#website"},"primaryImageOfPage":{"@id":"https:\/\/www.prostornina.com\/contact\/#primaryimage"},"image":{"@id":"https:\/\/www.prostornina.com\/contact\/#primaryimage"},"thumbnailUrl":"https:\/\/www.prostornina.com\/wp-content\/uploads\/2023\/12\/Prostornina_Edited_Corrected-8-684x1024.jpg","datePublished":"2020-09-26T04:22:15+00:00","dateModified":"2025-11-05T08:30:14+00:00","description":"Nina Mei Gaiman, Lead Interior Architect at Prostornina Interior Design Studio | Ljubljana, Slovenia | team@prostornina.com","breadcrumb":{"@id":"https:\/\/www.prostornina.com\/contact\/#breadcrumb"},"inLanguage":"sl-SI","potentialAction":[{"@type":"ReadAction","target":["https:\/\/www.prostornina.com\/contact\/"]}]},{"@type":"ImageObject","inLanguage":"sl-SI","@id":"https:\/\/www.prostornina.com\/contact\/#primaryimage","url":"https:\/\/www.prostornina.com\/wp-content\/uploads\/2023\/12\/Prostornina_Edited_Corrected-8-684x1024.jpg","contentUrl":"https:\/\/www.prostornina.com\/wp-content\/uploads\/2023\/12\/Prostornina_Edited_Corrected-8-684x1024.jpg"},{"@type":"BreadcrumbList","@id":"https:\/\/www.prostornina.com\/contact\/#breadcrumb","itemListElement":[{"@type":"ListItem","position":1,"name":"Home","item":"https:\/\/www.prostornina.com\/"},{"@type":"ListItem","position":2,"name":"contact"}]},{"@type":"WebSite","@id":"https:\/\/www.prostornina.com\/sl\/#website","url":"https:\/\/www.prostornina.com\/sl\/","name":"Prostornina | Notranje oblikovanje","description":"Va\u0161im zgodbam dajemo obliko. Ustvarjamo z ob\u010dutkom oblikovane prostore, ki so funkcionalni in nosijo edinstvene zgodbe po meri naro\u010dnika.","publisher":{"@id":"https:\/\/www.prostornina.com\/sl\/#organization"},"potentialAction":[{"@type":"SearchAction","target":{"@type":"EntryPoint","urlTemplate":"https:\/\/www.prostornina.com\/sl\/?s={search_term_string}"},"query-input":{"@type":"PropertyValueSpecification","valueRequired":true,"valueName":"search_term_string"}}],"inLanguage":"sl-SI"},{"@type":"Organization","@id":"https:\/\/www.prostornina.com\/sl\/#organization","name":"Prostornina","url":"https:\/\/www.prostornina.com\/sl\/","logo":{"@type":"ImageObject","inLanguage":"sl-SI","@id":"https:\/\/www.prostornina.com\/sl\/#\/schema\/logo\/image\/","url":"https:\/\/www.prostornina.com\/wp-content\/uploads\/2020\/09\/logo.svg","contentUrl":"https:\/\/www.prostornina.com\/wp-content\/uploads\/2020\/09\/logo.svg","width":184,"height":80,"caption":"Prostornina"},"image":{"@id":"https:\/\/www.prostornina.com\/sl\/#\/schema\/logo\/image\/"},"sameAs":["https:\/\/www.facebook.com\/prostornina","https:\/\/www.instagram.com\/prostor_nina\/","https:\/\/www.linkedin.com\/company\/prostornina\/"]}]}},"_links":{"self":[{"href":"https:\/\/www.prostornina.com\/sl\/wp-json\/wp\/v2\/pages\/19","targetHints":{"allow":["GET"]}}],"collection":[{"href":"https:\/\/www.prostornina.com\/sl\/wp-json\/wp\/v2\/pages"}],"about":[{"href":"https:\/\/www.prostornina.com\/sl\/wp-json\/wp\/v2\/types\/page"}],"author":[{"embeddable":true,"href":"https:\/\/www.prostornina.com\/sl\/wp-json\/wp\/v2\/users\/1"}],"replies":[{"embeddable":true,"href":"https:\/\/www.prostornina.com\/sl\/wp-json\/wp\/v2\/comments?post=19"}],"version-history":[{"count":137,"href":"https:\/\/www.prostornina.com\/sl\/wp-json\/wp\/v2\/pages\/19\/revisions"}],"predecessor-version":[{"id":5918,"href":"https:\/\/www.prostornina.com\/sl\/wp-json\/wp\/v2\/pages\/19\/revisions\/5918"}],"wp:attachment":[{"href":"https:\/\/www.prostornina.com\/sl\/wp-json\/wp\/v2\/media?parent=19"}],"curies":[{"name":"wp","href":"https:\/\/api.w.org\/{rel}","templated":true}]}}